{"id":4335,"date":"2023-03-27T12:34:07","date_gmt":"2023-03-27T12:34:07","guid":{"rendered":"https:\/\/www.offersify.net\/sono-un-affiliato\/"},"modified":"2023-05-22T13:23:35","modified_gmt":"2023-05-22T13:23:35","slug":"sono-un-affiliato","status":"publish","type":"page","link":"https:\/\/www.offersify.net\/it\/sono-un-affiliato\/","title":{"rendered":"Sono un Affiliato"},"content":{"rendered":"\t\t<div data-elementor-type=\"wp-page\" data-elementor-id=\"4335\" class=\"elementor elementor-4335 elementor-38\" data-elementor-post-type=\"page\">\n\t\t\t\t\t\t<section class=\"elementor-section elementor-top-section elementor-element elementor-element-5351a6a elementor-section-full_width elementor-section-height-default elementor-section-height-default\" data-id=\"5351a6a\" data-element_type=\"section\" data-settings=\"{&quot;background_background&quot;:&quot;classic&quot;}\">\n\t\t\t\t\t\t\t<div class=\"elementor-background-overlay\"><\/div>\n\t\t\t\t\t\t\t<div class=\"elementor-container elementor-column-gap-default\">\n\t\t\t\t\t<div class=\"elementor-column elementor-col-50 elementor-top-column elementor-element elementor-element-08d5c2c\" data-id=\"08d5c2c\" data-element_type=\"column\">\n\t\t\t<div class=\"elementor-widget-wrap elementor-element-populated\">\n\t\t\t\t\t\t<div class=\"elementor-element elementor-element-efa51b6 elementor-widget elementor-widget-heading\" data-id=\"efa51b6\" data-element_type=\"widget\" data-widget_type=\"heading.default\">\n\t\t\t\t<div class=\"elementor-widget-container\">\n\t\t\t\t\t<h2 class=\"elementor-heading-title elementor-size-default\">Scopri nuove opportunit\u00e0 come affiliato con Offersify. <\/h2>\t\t\t\t<\/div>\n\t\t\t\t<\/div>\n\t\t\t\t<div class=\"elementor-element elementor-element-a4a7a21 elementor-widget elementor-widget-heading\" data-id=\"a4a7a21\" data-element_type=\"widget\" data-widget_type=\"heading.default\">\n\t\t\t\t<div class=\"elementor-widget-container\">\n\t\t\t\t\t<h5 class=\"elementor-heading-title elementor-size-default\">Contattaci oggi per esplorare la vasta gamma di possibilit\u00e0 che offriamo per aiutarti a far crescere la tua attivit\u00e0 e ad avere successo nel competitivo mercato del pagamento in contrassegno.<\/h5>\t\t\t\t<\/div>\n\t\t\t\t<\/div>\n\t\t\t\t<div class=\"elementor-element elementor-element-3eaa49b elementor-mobile-align-center elementor-widget elementor-widget-button\" data-id=\"3eaa49b\" data-element_type=\"widget\" data-widget_type=\"button.default\">\n\t\t\t\t<div class=\"elementor-widget-container\">\n\t\t\t\t\t\t\t\t\t<div class=\"elementor-button-wrapper\">\n\t\t\t\t\t<a class=\"elementor-button elementor-button-link elementor-size-sm\" href=\"https:\/\/offersify.io\/it\/login\">\n\t\t\t\t\t\t<span class=\"elementor-button-content-wrapper\">\n\t\t\t\t\t\t\t\t\t<span class=\"elementor-button-text\">Diventa affiliato<\/span>\n\t\t\t\t\t<\/span>\n\t\t\t\t\t<\/a>\n\t\t\t\t<\/div>\n\t\t\t\t\t\t\t\t<\/div>\n\t\t\t\t<\/div>\n\t\t\t\t\t<\/div>\n\t\t<\/div>\n\t\t\t\t<div class=\"elementor-column elementor-col-50 elementor-top-column elementor-element elementor-element-b4b996c\" data-id=\"b4b996c\" data-element_type=\"column\" data-settings=\"{&quot;background_background&quot;:&quot;classic&quot;}\">\n\t\t\t<div class=\"elementor-widget-wrap elementor-element-populated\">\n\t\t\t\t\t\t<div class=\"elementor-element elementor-element-cf62f08 elementor-widget elementor-widget-image\" data-id=\"cf62f08\" data-element_type=\"widget\" data-widget_type=\"image.default\">\n\t\t\t\t<div class=\"elementor-widget-container\">\n\t\t\t\t\t\t\t\t\t\t\t\t\t\t\t<img fetchpriority=\"high\" decoding=\"async\" width=\"1060\" height=\"682\" src=\"https:\/\/www.offersify.net\/wp-content\/uploads\/2023\/05\/Affiliate.jpg\" class=\"attachment-full size-full wp-image-3287\" alt=\"\" srcset=\"https:\/\/www.offersify.net\/wp-content\/uploads\/2023\/05\/Affiliate.jpg 1060w, https:\/\/www.offersify.net\/wp-content\/uploads\/2023\/05\/Affiliate-300x193.jpg 300w, https:\/\/www.offersify.net\/wp-content\/uploads\/2023\/05\/Affiliate-1024x659.jpg 1024w, https:\/\/www.offersify.net\/wp-content\/uploads\/2023\/05\/Affiliate-768x494.jpg 768w\" sizes=\"(max-width: 1060px) 100vw, 1060px\" \/>\t\t\t\t\t\t\t\t\t\t\t\t\t\t\t<\/div>\n\t\t\t\t<\/div>\n\t\t\t\t\t<\/div>\n\t\t<\/div>\n\t\t\t\t\t<\/div>\n\t\t<\/section>\n\t\t\t\t<section class=\"elementor-section elementor-top-section elementor-element elementor-element-9b5dded elementor-reverse-tablet elementor-reverse-mobile elementor-section-boxed elementor-section-height-default elementor-section-height-default\" data-id=\"9b5dded\" data-element_type=\"section\">\n\t\t\t\t\t\t<div class=\"elementor-container elementor-column-gap-default\">\n\t\t\t\t\t<div class=\"elementor-column elementor-col-50 elementor-top-column elementor-element elementor-element-1f9eec8\" data-id=\"1f9eec8\" data-element_type=\"column\" data-settings=\"{&quot;background_background&quot;:&quot;classic&quot;}\">\n\t\t\t<div class=\"elementor-widget-wrap elementor-element-populated\">\n\t\t\t\t\t\t<div class=\"elementor-element elementor-element-ec47679 elementor-widget__width-auto elementor-absolute elementor-widget elementor-widget-image\" data-id=\"ec47679\" data-element_type=\"widget\" data-settings=\"{&quot;_position&quot;:&quot;absolute&quot;}\" data-widget_type=\"image.default\">\n\t\t\t\t<div class=\"elementor-widget-container\">\n\t\t\t\t\t\t\t\t\t\t\t\t\t\t\t<img decoding=\"async\" src=\"https:\/\/www.offersify.net\/wp-content\/uploads\/2023\/04\/Pallini.svg\" class=\"attachment-full size-full wp-image-749\" alt=\"\" \/>\t\t\t\t\t\t\t\t\t\t\t\t\t\t\t<\/div>\n\t\t\t\t<\/div>\n\t\t\t\t<div class=\"elementor-element elementor-element-c3a8797 elementor-hidden-desktop elementor-hidden-mobile elementor-widget elementor-widget-image\" data-id=\"c3a8797\" data-element_type=\"widget\" data-widget_type=\"image.default\">\n\t\t\t\t<div class=\"elementor-widget-container\">\n\t\t\t\t\t\t\t\t\t\t\t\t\t\t\t<img decoding=\"async\" width=\"751\" height=\"720\" src=\"https:\/\/www.offersify.net\/wp-content\/uploads\/2023\/05\/Affiliate1.png\" class=\"attachment-full size-full wp-image-3292\" alt=\"\" srcset=\"https:\/\/www.offersify.net\/wp-content\/uploads\/2023\/05\/Affiliate1.png 751w, https:\/\/www.offersify.net\/wp-content\/uploads\/2023\/05\/Affiliate1-300x288.png 300w\" sizes=\"(max-width: 751px) 100vw, 751px\" \/>\t\t\t\t\t\t\t\t\t\t\t\t\t\t\t<\/div>\n\t\t\t\t<\/div>\n\t\t\t\t<div class=\"elementor-element elementor-element-ec58241 elementor-widget elementor-widget-heading\" data-id=\"ec58241\" data-element_type=\"widget\" data-widget_type=\"heading.default\">\n\t\t\t\t<div class=\"elementor-widget-container\">\n\t\t\t\t\t<h5 class=\"elementor-heading-title elementor-size-default\">Rete globale di affiliazione<\/h5>\t\t\t\t<\/div>\n\t\t\t\t<\/div>\n\t\t\t\t<div class=\"elementor-element elementor-element-8035a02 elementor-widget elementor-widget-text-editor\" data-id=\"8035a02\" data-element_type=\"widget\" data-widget_type=\"text-editor.default\">\n\t\t\t\t<div class=\"elementor-widget-container\">\n\t\t\t\t\t\t\t\t\t<p>Offersify \u00e8 la prima rete di affiliazione veramente globale, che ti consente di ampliare la tua portata oltre un singolo paese o prodotto. Con la nostra vasta gamma di offerte, puoi accedere a prodotti vincenti in pi\u00f9 paesi mentre ricevi il supporto del nostro personale esperto. Ti mettiamo in contatto anche con inserzionisti che offrono prodotti ad alte prestazioni, assicurandoti il successo in nuovi mercati.<\/p>\n\t\t\t\t\t\t\t\t<\/div>\n\t\t\t\t<\/div>\n\t\t\t\t<div class=\"elementor-element elementor-element-8b25c82 elementor-widget elementor-widget-heading\" data-id=\"8b25c82\" data-element_type=\"widget\" data-widget_type=\"heading.default\">\n\t\t\t\t<div class=\"elementor-widget-container\">\n\t\t\t\t\t<h5 class=\"elementor-heading-title elementor-size-default\">Pagamenti flessibili e tempestivi<\/h5>\t\t\t\t<\/div>\n\t\t\t\t<\/div>\n\t\t\t\t<div class=\"elementor-element elementor-element-ca8cc4b elementor-widget elementor-widget-text-editor\" data-id=\"ca8cc4b\" data-element_type=\"widget\" data-widget_type=\"text-editor.default\">\n\t\t\t\t<div class=\"elementor-widget-container\">\n\t\t\t\t\t\t\t\t\t<p>Siamo orgogliosi di offrire termini di pagamento flessibili (da negoziare con il tuo Affiliate Success Manager) e pagamenti rapidi per aiutarti a far crescere la tua attivit\u00e0. Comprendendo l&#8217;importanza del flusso di cassa per gli affiliati, forniamo anche linee di credito e altri vantaggi finanziari per garantire il tuo successo e quello dei nostri inserzionisti.<\/p>\n\t\t\t\t\t\t\t\t<\/div>\n\t\t\t\t<\/div>\n\t\t\t\t<div class=\"elementor-element elementor-element-3386906 elementor-widget elementor-widget-heading\" data-id=\"3386906\" data-element_type=\"widget\" data-widget_type=\"heading.default\">\n\t\t\t\t<div class=\"elementor-widget-container\">\n\t\t\t\t\t<h5 class=\"elementor-heading-title elementor-size-default\">Programma di affiliazione VIP<\/h5>\t\t\t\t<\/div>\n\t\t\t\t<\/div>\n\t\t\t\t<div class=\"elementor-element elementor-element-c3b1b97 elementor-widget elementor-widget-text-editor\" data-id=\"c3b1b97\" data-element_type=\"widget\" data-widget_type=\"text-editor.default\">\n\t\t\t\t<div class=\"elementor-widget-container\">\n\t\t\t\t\t\t\t\t\t<p>Gli affiliati che generano pi\u00f9 di 300 vendite al giorno diventano automaticamente affiliati VIP, garantendo loro l&#8217;accesso esclusivo a prodotti selezionati, nuovi lanci e un trattamento prioritario per i pagamenti. Crediamo che ogni affiliato abbia il potenziale per raggiungere lo stato VIP e ci impegniamo a lavorare con te per raggiungere questo obiettivo.<\/p>\n\t\t\t\t\t\t\t\t<\/div>\n\t\t\t\t<\/div>\n\t\t\t\t\t<\/div>\n\t\t<\/div>\n\t\t\t\t<div class=\"elementor-column elementor-col-50 elementor-top-column elementor-element elementor-element-c5669d1 elementor-hidden-tablet\" data-id=\"c5669d1\" data-element_type=\"column\">\n\t\t\t<div class=\"elementor-widget-wrap elementor-element-populated\">\n\t\t\t\t\t\t<div class=\"elementor-element elementor-element-8425ee5 elementor-widget elementor-widget-image\" data-id=\"8425ee5\" data-element_type=\"widget\" data-widget_type=\"image.default\">\n\t\t\t\t<div class=\"elementor-widget-container\">\n\t\t\t\t\t\t\t\t\t\t\t\t\t\t\t<img decoding=\"async\" width=\"751\" height=\"720\" src=\"https:\/\/www.offersify.net\/wp-content\/uploads\/2023\/05\/Affiliate1.png\" class=\"attachment-full size-full wp-image-3292\" alt=\"\" srcset=\"https:\/\/www.offersify.net\/wp-content\/uploads\/2023\/05\/Affiliate1.png 751w, https:\/\/www.offersify.net\/wp-content\/uploads\/2023\/05\/Affiliate1-300x288.png 300w\" sizes=\"(max-width: 751px) 100vw, 751px\" \/>\t\t\t\t\t\t\t\t\t\t\t\t\t\t\t<\/div>\n\t\t\t\t<\/div>\n\t\t\t\t\t<\/div>\n\t\t<\/div>\n\t\t\t\t\t<\/div>\n\t\t<\/section>\n\t\t\t\t<section class=\"elementor-section elementor-top-section elementor-element elementor-element-39d2c53 elementor-section-boxed elementor-section-height-default elementor-section-height-default\" data-id=\"39d2c53\" data-element_type=\"section\">\n\t\t\t\t\t\t<div class=\"elementor-container elementor-column-gap-default\">\n\t\t\t\t\t<div class=\"elementor-column elementor-col-50 elementor-top-column elementor-element elementor-element-adc232f elementor-hidden-tablet\" data-id=\"adc232f\" data-element_type=\"column\">\n\t\t\t<div class=\"elementor-widget-wrap elementor-element-populated\">\n\t\t\t\t\t\t<div class=\"elementor-element elementor-element-5a4613f elementor-widget elementor-widget-image\" data-id=\"5a4613f\" data-element_type=\"widget\" data-widget_type=\"image.default\">\n\t\t\t\t<div class=\"elementor-widget-container\">\n\t\t\t\t\t\t\t\t\t\t\t\t\t\t\t<img decoding=\"async\" width=\"743\" height=\"720\" src=\"https:\/\/www.offersify.net\/wp-content\/uploads\/2023\/05\/Affiliate2-1.png\" class=\"attachment-full size-full wp-image-3294\" alt=\"\" srcset=\"https:\/\/www.offersify.net\/wp-content\/uploads\/2023\/05\/Affiliate2-1.png 743w, https:\/\/www.offersify.net\/wp-content\/uploads\/2023\/05\/Affiliate2-1-300x291.png 300w\" sizes=\"(max-width: 743px) 100vw, 743px\" \/>\t\t\t\t\t\t\t\t\t\t\t\t\t\t\t<\/div>\n\t\t\t\t<\/div>\n\t\t\t\t\t<\/div>\n\t\t<\/div>\n\t\t\t\t<div class=\"elementor-column elementor-col-50 elementor-top-column elementor-element elementor-element-7e10ca1\" data-id=\"7e10ca1\" data-element_type=\"column\" data-settings=\"{&quot;background_background&quot;:&quot;classic&quot;}\">\n\t\t\t<div class=\"elementor-widget-wrap elementor-element-populated\">\n\t\t\t\t\t\t<div class=\"elementor-element elementor-element-9d8181a elementor-widget__width-auto elementor-absolute elementor-widget elementor-widget-image\" data-id=\"9d8181a\" data-element_type=\"widget\" data-settings=\"{&quot;_position&quot;:&quot;absolute&quot;}\" data-widget_type=\"image.default\">\n\t\t\t\t<div class=\"elementor-widget-container\">\n\t\t\t\t\t\t\t\t\t\t\t\t\t\t\t<img decoding=\"async\" src=\"https:\/\/www.offersify.net\/wp-content\/uploads\/2023\/04\/Pallini.svg\" class=\"attachment-full size-full wp-image-749\" alt=\"\" \/>\t\t\t\t\t\t\t\t\t\t\t\t\t\t\t<\/div>\n\t\t\t\t<\/div>\n\t\t\t\t<div class=\"elementor-element elementor-element-9bf855e elementor-hidden-desktop elementor-hidden-mobile elementor-widget elementor-widget-image\" data-id=\"9bf855e\" data-element_type=\"widget\" data-widget_type=\"image.default\">\n\t\t\t\t<div class=\"elementor-widget-container\">\n\t\t\t\t\t\t\t\t\t\t\t\t\t\t\t<img decoding=\"async\" width=\"743\" height=\"720\" src=\"https:\/\/www.offersify.net\/wp-content\/uploads\/2023\/05\/Affiliate2-1.png\" class=\"attachment-full size-full wp-image-3294\" alt=\"\" srcset=\"https:\/\/www.offersify.net\/wp-content\/uploads\/2023\/05\/Affiliate2-1.png 743w, https:\/\/www.offersify.net\/wp-content\/uploads\/2023\/05\/Affiliate2-1-300x291.png 300w\" sizes=\"(max-width: 743px) 100vw, 743px\" \/>\t\t\t\t\t\t\t\t\t\t\t\t\t\t\t<\/div>\n\t\t\t\t<\/div>\n\t\t\t\t<div class=\"elementor-element elementor-element-6e8b883 elementor-widget elementor-widget-heading\" data-id=\"6e8b883\" data-element_type=\"widget\" data-widget_type=\"heading.default\">\n\t\t\t\t<div class=\"elementor-widget-container\">\n\t\t\t\t\t<h5 class=\"elementor-heading-title elementor-size-default\">Prodotti di alta qualit\u00e0 <\/h5>\t\t\t\t<\/div>\n\t\t\t\t<\/div>\n\t\t\t\t<div class=\"elementor-element elementor-element-5f7f9a7 elementor-widget elementor-widget-text-editor\" data-id=\"5f7f9a7\" data-element_type=\"widget\" data-widget_type=\"text-editor.default\">\n\t\t\t\t<div class=\"elementor-widget-container\">\n\t\t\t\t\t\t\t\t\t<p>Come affiliato, comprendi l&#8217;importanza dei prodotti di qualit\u00e0 per incrementare le vendite e ridurre le spese pubblicitarie. In Offersify, siamo anche specializzati nella selezione di prodotti vincenti che sono di grande tendenza, che si vendono bene nei supermercati o in TV e li abbinano ai migliori inserzionisti del mercato. Ci\u00f2 ti garantisce di avere sempre accesso ai prodotti con il rendimento pi\u00f9 elevato con il costo per acquisizione pi\u00f9 basso.<\/p>\n\t\t\t\t\t\t\t\t<\/div>\n\t\t\t\t<\/div>\n\t\t\t\t<div class=\"elementor-element elementor-element-38d1ca1 elementor-widget elementor-widget-heading\" data-id=\"38d1ca1\" data-element_type=\"widget\" data-widget_type=\"heading.default\">\n\t\t\t\t<div class=\"elementor-widget-container\">\n\t\t\t\t\t<h5 class=\"elementor-heading-title elementor-size-default\">Responsabile del successo dedicato<\/h5>\t\t\t\t<\/div>\n\t\t\t\t<\/div>\n\t\t\t\t<div class=\"elementor-element elementor-element-91215fe elementor-widget elementor-widget-text-editor\" data-id=\"91215fe\" data-element_type=\"widget\" data-widget_type=\"text-editor.default\">\n\t\t\t\t<div class=\"elementor-widget-container\">\n\t\t\t\t\t\t\t\t\t<p>In Offersify, a ogni affiliato viene assegnato un Success Manager personale che fornisce supporto quotidiano, conoscenze specialistiche e guida per ottimizzare le tue campagne. Il tuo Success Manager \u00e8 dedicato ad aiutarti a massimizzare la tua attivit\u00e0 come affiliato Offersify.<\/p>\n\t\t\t\t\t\t\t\t<\/div>\n\t\t\t\t<\/div>\n\t\t\t\t<div class=\"elementor-element elementor-element-dcd9dee elementor-widget elementor-widget-heading\" data-id=\"dcd9dee\" data-element_type=\"widget\" data-widget_type=\"heading.default\">\n\t\t\t\t<div class=\"elementor-widget-container\">\n\t\t\t\t\t<h5 class=\"elementor-heading-title elementor-size-default\">Offersify Comunit\u00e0 di affiliazione<\/h5>\t\t\t\t<\/div>\n\t\t\t\t<\/div>\n\t\t\t\t<div class=\"elementor-element elementor-element-0fa24c8 elementor-widget elementor-widget-text-editor\" data-id=\"0fa24c8\" data-element_type=\"widget\" data-widget_type=\"text-editor.default\">\n\t\t\t\t<div class=\"elementor-widget-container\">\n\t\t\t\t\t\t\t\t\t<p>Unisciti alla nostra vivace comunit\u00e0 di persone che la pensano allo stesso modo e connettiti con noi agli eventi del settore per condividere conoscenze, esperienze e costruire relazioni durature nel mondo del marketing di affiliazione.<\/p>\n\t\t\t\t\t\t\t\t<\/div>\n\t\t\t\t<\/div>\n\t\t\t\t\t<\/div>\n\t\t<\/div>\n\t\t\t\t\t<\/div>\n\t\t<\/section>\n\t\t\t\t<\/div>\n\t\t","protected":false},"excerpt":{"rendered":"<p>Scopri nuove opportunit\u00e0 come affiliato con Offersify. Contattaci oggi per esplorare la vasta gamma di possibilit\u00e0 che offriamo per aiutarti a far crescere la tua attivit\u00e0 e ad avere successo nel competitivo mercato del pagamento in contrassegno. Diventa affiliato Rete globale di affiliazione Offersify \u00e8 la prima rete di affiliazione veramente globale, che ti consente [&hellip;]<\/p>\n","protected":false},"author":1,"featured_media":0,"parent":0,"menu_order":0,"comment_status":"closed","ping_status":"closed","template":"","meta":{"footnotes":""},"class_list":["post-4335","page","type-page","status-publish","hentry"],"yoast_head":"<!-- This site is optimized with the Yoast SEO plugin v24.2 - https:\/\/yoast.com\/wordpress\/plugins\/seo\/ -->\n<title>Sono un Affiliato - Offersify<\/title>\n<meta name=\"robots\" content=\"index, follow, max-snippet:-1, max-image-preview:large, max-video-preview:-1\" \/>\n<link rel=\"canonical\" href=\"https:\/\/www.offersify.net\/it\/sono-un-affiliato\/\" \/>\n<meta property=\"og:locale\" content=\"it_IT\" \/>\n<meta property=\"og:type\" content=\"article\" \/>\n<meta property=\"og:title\" content=\"Sono un Affiliato - Offersify\" \/>\n<meta property=\"og:description\" content=\"Scopri nuove opportunit\u00e0 come affiliato con Offersify. Contattaci oggi per esplorare la vasta gamma di possibilit\u00e0 che offriamo per aiutarti a far crescere la tua attivit\u00e0 e ad avere successo nel competitivo mercato del pagamento in contrassegno. Diventa affiliato Rete globale di affiliazione Offersify \u00e8 la prima rete di affiliazione veramente globale, che ti consente [&hellip;]\" \/>\n<meta property=\"og:url\" content=\"https:\/\/www.offersify.net\/it\/sono-un-affiliato\/\" \/>\n<meta property=\"og:site_name\" content=\"Offersify\" \/>\n<meta property=\"article:publisher\" content=\"https:\/\/www.facebook.com\/offersify\" \/>\n<meta property=\"article:modified_time\" content=\"2023-05-22T13:23:35+00:00\" \/>\n<meta property=\"og:image\" content=\"https:\/\/www.offersify.net\/wp-content\/uploads\/2023\/05\/Affiliate.jpg\" \/>\n<meta name=\"twitter:card\" content=\"summary_large_image\" \/>\n<meta name=\"twitter:label1\" content=\"Tempo di lettura stimato\" \/>\n\t<meta name=\"twitter:data1\" content=\"2 minuti\" \/>\n<script type=\"application\/ld+json\" class=\"yoast-schema-graph\">{\"@context\":\"https:\/\/schema.org\",\"@graph\":[{\"@type\":\"WebPage\",\"@id\":\"https:\/\/www.offersify.net\/it\/sono-un-affiliato\/\",\"url\":\"https:\/\/www.offersify.net\/it\/sono-un-affiliato\/\",\"name\":\"Sono un Affiliato - Offersify\",\"isPartOf\":{\"@id\":\"https:\/\/www.offersify.net\/#website\"},\"primaryImageOfPage\":{\"@id\":\"https:\/\/www.offersify.net\/it\/sono-un-affiliato\/#primaryimage\"},\"image\":{\"@id\":\"https:\/\/www.offersify.net\/it\/sono-un-affiliato\/#primaryimage\"},\"thumbnailUrl\":\"https:\/\/www.offersify.net\/wp-content\/uploads\/2023\/05\/Affiliate.jpg\",\"datePublished\":\"2023-03-27T12:34:07+00:00\",\"dateModified\":\"2023-05-22T13:23:35+00:00\",\"breadcrumb\":{\"@id\":\"https:\/\/www.offersify.net\/it\/sono-un-affiliato\/#breadcrumb\"},\"inLanguage\":\"it-IT\",\"potentialAction\":[{\"@type\":\"ReadAction\",\"target\":[\"https:\/\/www.offersify.net\/it\/sono-un-affiliato\/\"]}]},{\"@type\":\"ImageObject\",\"inLanguage\":\"it-IT\",\"@id\":\"https:\/\/www.offersify.net\/it\/sono-un-affiliato\/#primaryimage\",\"url\":\"https:\/\/www.offersify.net\/wp-content\/uploads\/2023\/05\/Affiliate.jpg\",\"contentUrl\":\"https:\/\/www.offersify.net\/wp-content\/uploads\/2023\/05\/Affiliate.jpg\"},{\"@type\":\"BreadcrumbList\",\"@id\":\"https:\/\/www.offersify.net\/it\/sono-un-affiliato\/#breadcrumb\",\"itemListElement\":[{\"@type\":\"ListItem\",\"position\":1,\"name\":\"Home\",\"item\":\"https:\/\/www.offersify.net\/it\/home\/\"},{\"@type\":\"ListItem\",\"position\":2,\"name\":\"Sono un Affiliato\"}]},{\"@type\":\"WebSite\",\"@id\":\"https:\/\/www.offersify.net\/#website\",\"url\":\"https:\/\/www.offersify.net\/\",\"name\":\"Offersify\",\"description\":\"\",\"publisher\":{\"@id\":\"https:\/\/www.offersify.net\/#organization\"},\"potentialAction\":[{\"@type\":\"SearchAction\",\"target\":{\"@type\":\"EntryPoint\",\"urlTemplate\":\"https:\/\/www.offersify.net\/?s={search_term_string}\"},\"query-input\":{\"@type\":\"PropertyValueSpecification\",\"valueRequired\":true,\"valueName\":\"search_term_string\"}}],\"inLanguage\":\"it-IT\"},{\"@type\":\"Organization\",\"@id\":\"https:\/\/www.offersify.net\/#organization\",\"name\":\"Offersify\",\"url\":\"https:\/\/www.offersify.net\/\",\"logo\":{\"@type\":\"ImageObject\",\"inLanguage\":\"it-IT\",\"@id\":\"https:\/\/www.offersify.net\/#\/schema\/logo\/image\/\",\"url\":\"\",\"contentUrl\":\"\",\"caption\":\"Offersify\"},\"image\":{\"@id\":\"https:\/\/www.offersify.net\/#\/schema\/logo\/image\/\"},\"sameAs\":[\"https:\/\/www.facebook.com\/offersify\",\"https:\/\/www.instagram.com\/offersify.io\/\"]}]}<\/script>\n<!-- \/ Yoast SEO plugin. -->","yoast_head_json":{"title":"Sono un Affiliato - Offersify","robots":{"index":"index","follow":"follow","max-snippet":"max-snippet:-1","max-image-preview":"max-image-preview:large","max-video-preview":"max-video-preview:-1"},"canonical":"https:\/\/www.offersify.net\/it\/sono-un-affiliato\/","og_locale":"it_IT","og_type":"article","og_title":"Sono un Affiliato - Offersify","og_description":"Scopri nuove opportunit\u00e0 come affiliato con Offersify. Contattaci oggi per esplorare la vasta gamma di possibilit\u00e0 che offriamo per aiutarti a far crescere la tua attivit\u00e0 e ad avere successo nel competitivo mercato del pagamento in contrassegno. Diventa affiliato Rete globale di affiliazione Offersify \u00e8 la prima rete di affiliazione veramente globale, che ti consente [&hellip;]","og_url":"https:\/\/www.offersify.net\/it\/sono-un-affiliato\/","og_site_name":"Offersify","article_publisher":"https:\/\/www.facebook.com\/offersify","article_modified_time":"2023-05-22T13:23:35+00:00","og_image":[{"url":"https:\/\/www.offersify.net\/wp-content\/uploads\/2023\/05\/Affiliate.jpg","type":"","width":"","height":""}],"twitter_card":"summary_large_image","twitter_misc":{"Tempo di lettura stimato":"2 minuti"},"schema":{"@context":"https:\/\/schema.org","@graph":[{"@type":"WebPage","@id":"https:\/\/www.offersify.net\/it\/sono-un-affiliato\/","url":"https:\/\/www.offersify.net\/it\/sono-un-affiliato\/","name":"Sono un Affiliato - Offersify","isPartOf":{"@id":"https:\/\/www.offersify.net\/#website"},"primaryImageOfPage":{"@id":"https:\/\/www.offersify.net\/it\/sono-un-affiliato\/#primaryimage"},"image":{"@id":"https:\/\/www.offersify.net\/it\/sono-un-affiliato\/#primaryimage"},"thumbnailUrl":"https:\/\/www.offersify.net\/wp-content\/uploads\/2023\/05\/Affiliate.jpg","datePublished":"2023-03-27T12:34:07+00:00","dateModified":"2023-05-22T13:23:35+00:00","breadcrumb":{"@id":"https:\/\/www.offersify.net\/it\/sono-un-affiliato\/#breadcrumb"},"inLanguage":"it-IT","potentialAction":[{"@type":"ReadAction","target":["https:\/\/www.offersify.net\/it\/sono-un-affiliato\/"]}]},{"@type":"ImageObject","inLanguage":"it-IT","@id":"https:\/\/www.offersify.net\/it\/sono-un-affiliato\/#primaryimage","url":"https:\/\/www.offersify.net\/wp-content\/uploads\/2023\/05\/Affiliate.jpg","contentUrl":"https:\/\/www.offersify.net\/wp-content\/uploads\/2023\/05\/Affiliate.jpg"},{"@type":"BreadcrumbList","@id":"https:\/\/www.offersify.net\/it\/sono-un-affiliato\/#breadcrumb","itemListElement":[{"@type":"ListItem","position":1,"name":"Home","item":"https:\/\/www.offersify.net\/it\/home\/"},{"@type":"ListItem","position":2,"name":"Sono un Affiliato"}]},{"@type":"WebSite","@id":"https:\/\/www.offersify.net\/#website","url":"https:\/\/www.offersify.net\/","name":"Offersify","description":"","publisher":{"@id":"https:\/\/www.offersify.net\/#organization"},"potentialAction":[{"@type":"SearchAction","target":{"@type":"EntryPoint","urlTemplate":"https:\/\/www.offersify.net\/?s={search_term_string}"},"query-input":{"@type":"PropertyValueSpecification","valueRequired":true,"valueName":"search_term_string"}}],"inLanguage":"it-IT"},{"@type":"Organization","@id":"https:\/\/www.offersify.net\/#organization","name":"Offersify","url":"https:\/\/www.offersify.net\/","logo":{"@type":"ImageObject","inLanguage":"it-IT","@id":"https:\/\/www.offersify.net\/#\/schema\/logo\/image\/","url":"","contentUrl":"","caption":"Offersify"},"image":{"@id":"https:\/\/www.offersify.net\/#\/schema\/logo\/image\/"},"sameAs":["https:\/\/www.facebook.com\/offersify","https:\/\/www.instagram.com\/offersify.io\/"]}]}},"_links":{"self":[{"href":"https:\/\/www.offersify.net\/it\/wp-json\/wp\/v2\/pages\/4335","targetHints":{"allow":["GET"]}}],"collection":[{"href":"https:\/\/www.offersify.net\/it\/wp-json\/wp\/v2\/pages"}],"about":[{"href":"https:\/\/www.offersify.net\/it\/wp-json\/wp\/v2\/types\/page"}],"author":[{"embeddable":true,"href":"https:\/\/www.offersify.net\/it\/wp-json\/wp\/v2\/users\/1"}],"replies":[{"embeddable":true,"href":"https:\/\/www.offersify.net\/it\/wp-json\/wp\/v2\/comments?post=4335"}],"version-history":[{"count":11,"href":"https:\/\/www.offersify.net\/it\/wp-json\/wp\/v2\/pages\/4335\/revisions"}],"predecessor-version":[{"id":4475,"href":"https:\/\/www.offersify.net\/it\/wp-json\/wp\/v2\/pages\/4335\/revisions\/4475"}],"wp:attachment":[{"href":"https:\/\/www.offersify.net\/it\/wp-json\/wp\/v2\/media?parent=4335"}],"curies":[{"name":"wp","href":"https:\/\/api.w.org\/{rel}","templated":true}]}}